{"id":36,"date":"2018-06-19T12:24:30","date_gmt":"2018-06-19T12:24:30","guid":{"rendered":"https:\/\/web.aimgroupinternational.com\/2024\/sclerosiscongress\/wordpress\/?page_id=36"},"modified":"2023-10-23T11:48:35","modified_gmt":"2023-10-23T11:48:35","slug":"committees","status":"publish","type":"page","link":"https:\/\/web.aimgroupinternational.com\/2024\/sclerosiscongress\/committees\/","title":{"rendered":"Committees"},"content":{"rendered":"<p>[vc_row][vc_column][vc_empty_space height=&#8221;80px&#8221;]\n\t\t\t<!-- START Slider int REVOLUTION SLIDER 6.2.22 --><p class=\"rs-p-wp-fix\"><\/p>\n\t\t\t<rs-module-wrap id=\"rev_slider_6_1_wrapper\" data-source=\"gallery\" data-aimg=\"https:\/\/web.aimgroupinternational.com\/2024\/sclerosiscongress\/wordpress\/wp-content\/uploads\/SSC24_mobile.jpg\"  data-amobile=\"enabled\"  style=\"background:transparent;padding:0;margin:0px auto;margin-top:0;margin-bottom:0;\">\n\t\t\t\t<rs-module id=\"rev_slider_6_1\" style=\"\" data-version=\"6.2.22\">\n\t\t\t\t\t<rs-slides>\n\t\t\t\t\t\t<rs-slide data-key=\"rs-37\" data-title=\"Slide\" data-anim=\"ei:d;eo:d;s:1000;r:0;t:fade;sl:0;\">\n\t\t\t\t\t\t\t<img decoding=\"async\" src=\"\/\/web.aimgroupinternational.com\/2024\/sclerosiscongress\/wordpress\/wp-content\/plugins\/revolution_slider\/public\/assets\/assets\/transparent.png\" alt=\"Slide\" title=\"Committees\" class=\"rev-slidebg\" data-no-retina>\n<!--\n\t\t\t\t\t\t\t--><rs-layer\n\t\t\t\t\t\t\t\tid=\"slider-6-slide-37-layer-2\" \n\t\t\t\t\t\t\t\tdata-type=\"image\"\n\t\t\t\t\t\t\t\tdata-rsp_ch=\"on\"\n\t\t\t\t\t\t\t\tdata-xy=\"x:c;y:m;\"\n\t\t\t\t\t\t\t\tdata-text=\"w:normal;s:20,10,7,4;l:0,13,9,6;\"\n\t\t\t\t\t\t\t\tdata-dim=\"w:['100%','100%','100%','100%'];h:200px,106px,80px,49px;\"\n\t\t\t\t\t\t\t\tdata-basealign=\"slide\"\n\t\t\t\t\t\t\t\tdata-frame_999=\"o:0;st:w;\"\n\t\t\t\t\t\t\t\tstyle=\"z-index:5;\"\n\t\t\t\t\t\t\t><img loading=\"lazy\" decoding=\"async\" src=\"\/\/web.aimgroupinternational.com\/2024\/sclerosiscongress\/wordpress\/wp-content\/uploads\/SSC24_bannerinterno.jpg\" width=\"1920\" height=\"200\" data-c=\"fullwidth\" data-no-retina> \n\t\t\t\t\t\t\t<\/rs-layer><!--\n-->\t\t\t\t\t\t<\/rs-slide>\n\t\t\t\t\t<\/rs-slides>\n\t\t\t\t<\/rs-module>\n\t\t\t\t<script type=\"text\/javascript\">\n\t\t\t\t\tsetREVStartSize({c: 'rev_slider_6_1',rl:[1240,1024,778,480],el:[200,768,960,720],gw:[1920,1024,778,480],gh:[200,768,960,720],type:'hero',justify:'',layout:'fullwidth',mh:\"0\"});\n\t\t\t\t\tvar\trevapi6,\n\t\t\t\t\t\ttpj;\n\t\t\t\t\tfunction revinit_revslider61() {\n\t\t\t\t\tjQuery(function() {\n\t\t\t\t\t\ttpj = jQuery;\n\t\t\t\t\t\trevapi6 = tpj(\"#rev_slider_6_1\");\n\t\t\t\t\t\tif(revapi6==undefined || revapi6.revolution == undefined){\n\t\t\t\t\t\t\trevslider_showDoubleJqueryError(\"rev_slider_6_1\");\n\t\t\t\t\t\t}else{\n\t\t\t\t\t\t\trevapi6.revolution({\n\t\t\t\t\t\t\t\tsliderType:\"hero\",\n\t\t\t\t\t\t\t\tvisibilityLevels:\"1240,1024,778,480\",\n\t\t\t\t\t\t\t\tgridwidth:\"1920,1024,778,480\",\n\t\t\t\t\t\t\t\tgridheight:\"200,768,960,720\",\n\t\t\t\t\t\t\t\tspinner:\"spinner0\",\n\t\t\t\t\t\t\t\tperspective:600,\n\t\t\t\t\t\t\t\tperspectiveType:\"global\",\n\t\t\t\t\t\t\t\teditorheight:\"200,768,960,720\",\n\t\t\t\t\t\t\t\tresponsiveLevels:\"1240,1024,778,480\",\n\t\t\t\t\t\t\t\tprogressBar:{disableProgressBar:true},\n\t\t\t\t\t\t\t\tnavigation: {\n\t\t\t\t\t\t\t\t\tonHoverStop:false\n\t\t\t\t\t\t\t\t},\n\t\t\t\t\t\t\t\tfallbacks: {\n\t\t\t\t\t\t\t\t\tallowHTML5AutoPlayOnAndroid:true\n\t\t\t\t\t\t\t\t},\n\t\t\t\t\t\t\t});\n\t\t\t\t\t\t}\n\t\t\t\t\t\t\n\t\t\t\t\t});\n\t\t\t\t\t} \/\/ End of RevInitScript\n\t\t\t\tvar once_revslider61 = false;\n\t\t\t\tif (document.readyState === \"loading\") {document.addEventListener('readystatechange',function() { if((document.readyState === \"interactive\" || document.readyState === \"complete\") && !once_revslider61 ) { once_revslider61 = true; revinit_revslider61();}});} else {once_revslider61 = true; revinit_revslider61();}\n\t\t\t\t<\/script>\n\t\t\t<\/rs-module-wrap>\n\t\t\t<!-- END REVOLUTION SLIDER -->\n[\/vc_column][\/vc_row][vc_row full_width=&#8221;stretch_row_content_no_spaces&#8221;][vc_column][vc_empty_space height=&#8221;100px&#8221;][vc_row_inner][vc_column_inner][vc_custom_heading source=&#8221;post_title&#8221; font_container=&#8221;tag:h2|font_size:26px|text_align:left&#8221; use_theme_fonts=&#8221;yes&#8221; css_animation=&#8221;zoomIn&#8221;][vc_separator color=&#8221;chino&#8221;][vc_column_text]<span style=\"color: #dd9933; font-size: 14pt;\"><strong>Patron WSF<\/strong><\/span><\/p>\n<p>Prof Dame Carol Black (UK)<\/p>\n<p>&nbsp;<\/p>\n<p><span style=\"color: #dd9933; font-size: 14pt;\"><strong>Honorary Presidents<\/strong><\/span><\/p>\n<p>Thomas Medsger (USA), Kazuhiko Takehara (Japan), Alan Tyndall (Switzerland), Frank Wollheim (Sweden)<\/p>\n<p>&nbsp;<\/p>\n<p><span style=\"color: #dd9933;\"><strong><span style=\"font-size: 14pt;\">Senior Advisors<\/span><\/strong><\/span><\/p>\n<p>Phil Clements (USA), Nemanja Damjanov (Serbia), Armando Gabrielli (Italy), Ariane Herrick (UK), Jim Seibold (USA)<\/p>\n<p>&nbsp;<\/p>\n<p><span style=\"color: #dd9933;\"><strong><span style=\"font-size: 14pt;\">Steering Committee<\/span><\/strong><\/span><\/p>\n<p>Yannick Allanore (France), Shervin Assassi (USA), Laszlo Czirjak (Hungary), Francesco Del Galdo (UK), Chris Denton (UK), Oliver Distler (Switzerland), Dan Furst (USA), Dinesh Khanna (USA), Thomas Krieg (Germany), Masaka Kuwana (Japan), Marco Matucci-Cerinic (Italy), Maureen Mayes (USA), Ulf Mueller-Ladner (Germany), Susanna Proudman (Australia), John Varga (USA)<br \/>\n<em>Patient representative: S Farrington (UK) &amp; Ilaria Galetti, EULAR<\/em><\/p>\n<p>&nbsp;<\/p>\n<p><span style=\"color: #dd9933;\"><strong><span style=\"color: #dd9933; font-size: 14pt;\">Co-chairs of the Programme Committee<\/span><\/strong><\/span><\/p>\n<p>Clinical: Lorinda Chung (USA)<br \/>\nBasic: Jorg Distler (Germany)<\/p>\n<p>&nbsp;<\/p>\n<p><span style=\"color: #dd9933;\"><strong><span style=\"font-size: 14pt;\">Co-chairs of the Abstract Committee<\/span><\/strong><\/span><\/p>\n<p>Clinical: Andrea Low (Singapore), Susanna Proudman (Australia)<br \/>\nBasic: Benjamin Korman (USA), Marie Elise Truchetet (France)<\/p>\n<p>&nbsp;<\/p>\n<p><span style=\"color: #dd9933;\"><strong><span style=\"color: #dd9933; font-size: 14pt;\">Scientific Committee<\/span><\/strong><\/span><\/p>\n<p><span lang=\"FR\">D Abraham (UK), Y Asano (Japan), A Balbir-Gurmann (Israel), M Baron (Canada), S Bellando Randone (Italy), C Bruni (Switzerland &amp; Italy), C Campochiaro (Italy), P Carreira (Spain), I Castellvi (Spain), M Cutolo (Italy), L Dagna (Italy), JK De Vries-Bouwstra (Netherlands), C Foocharoen (Thailand), T Frech (USA), D Giuggioli, (Italy), E Hachulla (France), M Hinchcliff (USA), M Hughes (UK), A Hoffmann-Vold (Norway), L Hummers (USA), N Hunzelmann (Germany), JB Jun (South Korea), B Kahaleh (USA), C Kayser (Brazil), Y Kawaguchi (Japan), O Kowal-Bielecka (Poland), U Kumar (India), R Lafyatis (USA), D Launay (France), A Lescoat (France), EB Lee (South Korea), Y Levy (Israel), MT Li (China), Z McMahan (USA), C Mihai (Romania), G Moroncini (Italy), L Mouthon (France), V Nagaraja (USA), M Nikpour (Australia), J Pauling (UK), J Pope (Canada), G Riemekasten (Germany), P Sampaio Barros (Brazil), L Sakkas (Greece), P Sfikakis (Greece), P Shenoy (India), V Smith (Belgium), K Solanki (New Zealand), V Steen (USA), Y Suliman (Egypt), E Volkmann (USA), M Vonk (Netherlands), <\/span><span lang=\"FR\">J Wang (China), Y Wang (China), H Yasuoka (Japan),\u00a0X Zeng (China)<\/span><\/p>\n<p>&nbsp;<\/p>\n<p><span style=\"font-size: 14pt;\"><strong><span style=\"color: #dd9933;\">Local Organising Committee<\/span><\/strong><\/span><\/p>\n<p><em>Coordinator: <\/em>R Be\u010dv\u00e1\u0159<br \/>\nP Jansa, <em>MD PhD, head PH unit, Clinic of Cardiology and Angiology, General Teaching Hospital, Prague<br \/>\n<\/em>O Kodet, <em>MD, PhD, Clinic of Dermatovenerology, General Teaching Hospital, Prague<br \/>\n<\/em>M Koziar-Va\u0161\u00e1kov\u00e1, <em>MD PhD head Clinic of Pulmonology, Thomayer Teaching Hospital, Prague<br \/>\n<\/em>M Tom\u010d\u00edk, <em>MD PhD, Institute of Rheumatology, Prague<br \/>\n<\/em>S Oresk\u00e1, <em>MD Institute of Rheumatology, Prague<br \/>\n<\/em>H \u0160mucrov\u00e1, <em>Institute of Rheumatology, Prague<\/em><\/p>\n<p>&nbsp;<\/p>\n<p><strong><span style=\"color: #dd9933; font-size: 14pt;\">Fesca Board<\/span><\/strong><\/p>\n<p>S Farrington, <em>President<\/em><br \/>\nI Galetti, <em>Vice-President<\/em><br \/>\nL Schraven, <em>Secretary<\/em><br \/>\nA R\u00f8nnow, <em>Communications Manager<\/em><\/p>\n<p>&nbsp;<\/p>\n<p>[\/vc_column_text][\/vc_column_inner][\/vc_row_inner][vc_empty_space height=&#8221;180px&#8221;][\/vc_column][\/vc_row]<\/p>\n","protected":false},"excerpt":{"rendered":"<p>[vc_row][vc_column][vc_empty_space height=&#8221;80px&#8221;][\/vc_column][\/vc_row][vc_row full_width=&#8221;stretch_row_content_no_spaces&#8221;][vc_column][vc_empty_space height=&#8221;100px&#8221;][vc_row_inner][vc_column_inner][vc_custom_heading source=&#8221;post_title&#8221; font_container=&#8221;tag:h2|font_size:26px|text_align:left&#8221; use_theme_fonts=&#8221;yes&#8221; css_animation=&#8221;zoomIn&#8221;][vc_separator color=&#8221;chino&#8221;][vc_column_text]Patron WSF Prof Dame Carol Black (UK) &nbsp; Honorary Presidents Thomas Medsger (USA), Kazuhiko Takehara (Japan), Alan Tyndall (Switzerland), Frank Wollheim (Sweden) &nbsp; Senior Advisors Phil Clements (USA), Nemanja Damjanov (Serbia), Armando Gabrielli (Italy), Ariane Herrick (UK), Jim Seibold (USA) &nbsp; Steering Committee Yannick Allanore (France), Shervin [&hellip;]<\/p>\n","protected":false},"author":3,"featured_media":0,"parent":0,"menu_order":0,"comment_status":"closed","ping_status":"closed","template":"unlimited-page.php","meta":{"_monsterinsights_skip_tracking":false,"_monsterinsights_sitenote_active":false,"_monsterinsights_sitenote_note":"","_monsterinsights_sitenote_category":0,"footnotes":"","_links_to":"","_links_to_target":""},"class_list":["post-36","page","type-page","status-publish","hentry"],"_links":{"self":[{"href":"https:\/\/web.aimgroupinternational.com\/2024\/sclerosiscongress\/wp-json\/wp\/v2\/pages\/36","targetHints":{"allow":["GET"]}}],"collection":[{"href":"https:\/\/web.aimgroupinternational.com\/2024\/sclerosiscongress\/wp-json\/wp\/v2\/pages"}],"about":[{"href":"https:\/\/web.aimgroupinternational.com\/2024\/sclerosiscongress\/wp-json\/wp\/v2\/types\/page"}],"author":[{"embeddable":true,"href":"https:\/\/web.aimgroupinternational.com\/2024\/sclerosiscongress\/wp-json\/wp\/v2\/users\/3"}],"replies":[{"embeddable":true,"href":"https:\/\/web.aimgroupinternational.com\/2024\/sclerosiscongress\/wp-json\/wp\/v2\/comments?post=36"}],"version-history":[{"count":82,"href":"https:\/\/web.aimgroupinternational.com\/2024\/sclerosiscongress\/wp-json\/wp\/v2\/pages\/36\/revisions"}],"predecessor-version":[{"id":1886,"href":"https:\/\/web.aimgroupinternational.com\/2024\/sclerosiscongress\/wp-json\/wp\/v2\/pages\/36\/revisions\/1886"}],"wp:attachment":[{"href":"https:\/\/web.aimgroupinternational.com\/2024\/sclerosiscongress\/wp-json\/wp\/v2\/media?parent=36"}],"curies":[{"name":"wp","href":"https:\/\/api.w.org\/{rel}","templated":true}]}}