{"id":1841,"date":"2023-10-02T10:24:28","date_gmt":"2023-10-02T10:24:28","guid":{"rendered":"https:\/\/web.aimgroupinternational.com\/2024\/sclerosiscongress\/?page_id=1841"},"modified":"2024-03-05T15:10:43","modified_gmt":"2024-03-05T15:10:43","slug":"congress-dinner","status":"publish","type":"page","link":"https:\/\/web.aimgroupinternational.com\/2024\/sclerosiscongress\/congress-dinner\/","title":{"rendered":"Congress Dinner"},"content":{"rendered":"<p>[vc_row][vc_column][vc_empty_space height=&#8221;80px&#8221;]\n\t\t\t<!-- START Slider int REVOLUTION SLIDER 6.2.22 --><p class=\"rs-p-wp-fix\"><\/p>\n\t\t\t<rs-module-wrap id=\"rev_slider_6_1_wrapper\" data-source=\"gallery\" data-aimg=\"https:\/\/web.aimgroupinternational.com\/2024\/sclerosiscongress\/wordpress\/wp-content\/uploads\/SSC24_mobile.jpg\"  data-amobile=\"enabled\"  style=\"background:transparent;padding:0;margin:0px auto;margin-top:0;margin-bottom:0;\">\n\t\t\t\t<rs-module id=\"rev_slider_6_1\" style=\"\" data-version=\"6.2.22\">\n\t\t\t\t\t<rs-slides>\n\t\t\t\t\t\t<rs-slide data-key=\"rs-37\" data-title=\"Slide\" data-anim=\"ei:d;eo:d;s:1000;r:0;t:fade;sl:0;\">\n\t\t\t\t\t\t\t<img decoding=\"async\" src=\"\/\/web.aimgroupinternational.com\/2024\/sclerosiscongress\/wordpress\/wp-content\/plugins\/revolution_slider\/public\/assets\/assets\/transparent.png\" alt=\"Slide\" title=\"Congress Dinner\" class=\"rev-slidebg\" data-no-retina>\n<!--\n\t\t\t\t\t\t\t--><rs-layer\n\t\t\t\t\t\t\t\tid=\"slider-6-slide-37-layer-2\" \n\t\t\t\t\t\t\t\tdata-type=\"image\"\n\t\t\t\t\t\t\t\tdata-rsp_ch=\"on\"\n\t\t\t\t\t\t\t\tdata-xy=\"x:c;y:m;\"\n\t\t\t\t\t\t\t\tdata-text=\"w:normal;s:20,10,7,4;l:0,13,9,6;\"\n\t\t\t\t\t\t\t\tdata-dim=\"w:['100%','100%','100%','100%'];h:200px,106px,80px,49px;\"\n\t\t\t\t\t\t\t\tdata-basealign=\"slide\"\n\t\t\t\t\t\t\t\tdata-frame_999=\"o:0;st:w;\"\n\t\t\t\t\t\t\t\tstyle=\"z-index:5;\"\n\t\t\t\t\t\t\t><img loading=\"lazy\" decoding=\"async\" src=\"\/\/web.aimgroupinternational.com\/2024\/sclerosiscongress\/wordpress\/wp-content\/uploads\/SSC24_bannerinterno.jpg\" width=\"1920\" height=\"200\" data-c=\"fullwidth\" data-no-retina> \n\t\t\t\t\t\t\t<\/rs-layer><!--\n-->\t\t\t\t\t\t<\/rs-slide>\n\t\t\t\t\t<\/rs-slides>\n\t\t\t\t<\/rs-module>\n\t\t\t\t<script type=\"text\/javascript\">\n\t\t\t\t\tsetREVStartSize({c: 'rev_slider_6_1',rl:[1240,1024,778,480],el:[200,768,960,720],gw:[1920,1024,778,480],gh:[200,768,960,720],type:'hero',justify:'',layout:'fullwidth',mh:\"0\"});\n\t\t\t\t\tvar\trevapi6,\n\t\t\t\t\t\ttpj;\n\t\t\t\t\tfunction revinit_revslider61() {\n\t\t\t\t\tjQuery(function() {\n\t\t\t\t\t\ttpj = jQuery;\n\t\t\t\t\t\trevapi6 = tpj(\"#rev_slider_6_1\");\n\t\t\t\t\t\tif(revapi6==undefined || revapi6.revolution == undefined){\n\t\t\t\t\t\t\trevslider_showDoubleJqueryError(\"rev_slider_6_1\");\n\t\t\t\t\t\t}else{\n\t\t\t\t\t\t\trevapi6.revolution({\n\t\t\t\t\t\t\t\tsliderType:\"hero\",\n\t\t\t\t\t\t\t\tvisibilityLevels:\"1240,1024,778,480\",\n\t\t\t\t\t\t\t\tgridwidth:\"1920,1024,778,480\",\n\t\t\t\t\t\t\t\tgridheight:\"200,768,960,720\",\n\t\t\t\t\t\t\t\tspinner:\"spinner0\",\n\t\t\t\t\t\t\t\tperspective:600,\n\t\t\t\t\t\t\t\tperspectiveType:\"global\",\n\t\t\t\t\t\t\t\teditorheight:\"200,768,960,720\",\n\t\t\t\t\t\t\t\tresponsiveLevels:\"1240,1024,778,480\",\n\t\t\t\t\t\t\t\tprogressBar:{disableProgressBar:true},\n\t\t\t\t\t\t\t\tnavigation: {\n\t\t\t\t\t\t\t\t\tonHoverStop:false\n\t\t\t\t\t\t\t\t},\n\t\t\t\t\t\t\t\tfallbacks: {\n\t\t\t\t\t\t\t\t\tallowHTML5AutoPlayOnAndroid:true\n\t\t\t\t\t\t\t\t},\n\t\t\t\t\t\t\t});\n\t\t\t\t\t\t}\n\t\t\t\t\t\t\n\t\t\t\t\t});\n\t\t\t\t\t} \/\/ End of RevInitScript\n\t\t\t\tvar once_revslider61 = false;\n\t\t\t\tif (document.readyState === \"loading\") {document.addEventListener('readystatechange',function() { if((document.readyState === \"interactive\" || document.readyState === \"complete\") && !once_revslider61 ) { once_revslider61 = true; revinit_revslider61();}});} else {once_revslider61 = true; revinit_revslider61();}\n\t\t\t\t<\/script>\n\t\t\t<\/rs-module-wrap>\n\t\t\t<!-- END REVOLUTION SLIDER -->\n[\/vc_column][\/vc_row][vc_row full_width=&#8221;stretch_row_content_no_spaces&#8221;][vc_column][vc_empty_space height=&#8221;100px&#8221;][vc_row_inner][vc_column_inner][vc_custom_heading source=&#8221;post_title&#8221; font_container=&#8221;tag:h2|font_size:26px|text_align:left&#8221; use_theme_fonts=&#8221;yes&#8221; css_animation=&#8221;zoomIn&#8221;][vc_separator color=&#8221;chino&#8221;][vc_column_text]<span style=\"color: #ff0000; font-size: 14pt;\"><b>The congress dinner is sold out<\/b><\/span>[\/vc_column_text][\/vc_column_inner][\/vc_row_inner][vc_row_inner gap=&#8221;25&#8243;][vc_column_inner width=&#8221;1\/2&#8243;][vc_column_text]<\/p>\n<p style=\"text-align: justify;\"><span style=\"color: #dd9933; font-size: 14pt;\"><strong>Congress Dinner<br \/>\nFriday, March 15, 2024<\/strong><\/span><\/p>\n<p>Transfer from Holiday Inn (upon reservation) at 20:00<br \/>\nDinner at 20:30<\/p>\n<p><strong>Total cost per person\u00a0\u00a0\u00a0\u00a0\u00a0\u00a0\u00a0\u00a0\u00a0 Euro 110,00 vat included<\/strong><\/p>\n<p>&nbsp;<\/p>\n<p><strong>Restaurant Obecn\u00ed d\u016fm<br \/>\n<\/strong>N\u00e1m\u011bst\u00ed Republiky 5<br \/>\nObecn\u00ed d\u016fm<br \/>\n110 01 Praha 1<br \/>\n<a href=\"https:\/\/urlsand.esvalabs.com\/?u=https%3A%2F%2Fmy.matterport.com%2Fshow%2F%3Fm%3DijPN7Ua7dMv%26sr%3D-.52%2C-1.15%26ss%3D492&amp;e=7da38bd4&amp;h=13d47156&amp;f=y&amp;p=n\"><b>visit website<\/b><\/a><\/p>\n<p>[\/vc_column_text][\/vc_column_inner][vc_column_inner width=&#8221;1\/2&#8243;][vc_empty_space height=&#8221;60px&#8221;][vc_column_text css=&#8221;.vc_custom_1696243122603{border-radius: 10px !important;}&#8221;]<iframe loading=\"lazy\" style=\"border: 0;\" src=\"https:\/\/www.google.com\/maps\/embed?pb=!1m18!1m12!1m3!1d2559.9284631512755!2d14.425673776234301!3d50.08762621342203!2m3!1f0!2f0!3f0!3m2!1i1024!2i768!4f13.1!3m3!1m2!1s0x470b958b68b3e92f%3A0xfa2de971fe6d7fff!2sMunicipal%20House%20restaurant!5e0!3m2!1sit!2sit!4v1696242237776!5m2!1sit!2sit\" width=\"100%\" height=\"250\" allowfullscreen=\"allowfullscreen\"><\/iframe>[\/vc_column_text][\/vc_column_inner][\/vc_row_inner][vc_row_inner gap=&#8221;25&#8243;][vc_column_inner][vc_empty_space height=&#8221;60px&#8221;][vc_custom_heading text=&#8221;Municipal House Restaurant&#8221; font_container=&#8221;tag:h2|font_size:26px|text_align:left&#8221; use_theme_fonts=&#8221;yes&#8221; css_animation=&#8221;zoomIn&#8221;][vc_separator color=&#8221;chino&#8221;][\/vc_column_inner][\/vc_row_inner][vc_row_inner gap=&#8221;25&#8243;][vc_column_inner width=&#8221;2\/3&#8243;][vc_column_text]<strong>Prague&#8217;s Obecni dum (<\/strong><a href=\"http:\/\/prague-stay.com\/lifestyle\/review\/212-the-municipal-house\/\"><strong>Municipal House<\/strong><\/a><strong>) is a supreme example of Art Nouveau architecture \u2013 this fascinating beauty often hosts concerts, exhibitions and other social events.\u00a0<\/strong>The ground floor of this beautiful building (specifically in the northern area of the right wing) plays host to the <strong>Municipal House Restaurant<\/strong>, which is unofficially called the most beautiful Art Nouveau restaurant in the world. F. Kraumann, J. Wenig and the Ant. Baumgartl and Son Company designed the interior and it is truly a unique work of art thanks to which every visit of the restaurant becomes a truly unforgettable experience. The restaurant offers traditional Czech cuisine with a modern twist and top-quality international fare, all prepared under the supervision of their experienced, well-respected chef. The restaurant has been featured in various movies including I Served the King of England and La Vie en Rose. Film buffs will surely be impressed with the attention to detail in this architectural gem.<\/p>\n<p><strong>\u00a0<\/strong><strong>Transfer<br \/>\n<\/strong>A private transfer will be organized, <u>upon reservation<\/u>, from the Hotel Holiday Inn (next to the congress center) to the restaurant and back at 20,00.<br \/>\nParticipants who are not interested in the transfer can get to the restaurant directly at 20.30.<\/p>\n<p><strong>Important<br \/>\n<\/strong>The Steering Committee of the congress will attend the dinner and will be at disposal of the participants for any comments and\/or suggestion for the next edition of the congress.<\/p>\n<p><strong>Cancellation policy<br \/>\n<\/strong>For cancellations received within February 10, 2024\u00a0\u00a0\u00a0\u00a0\u00a0\u00a0 no penalties<br \/>\nFor cancellations received from February 11, 2024\u00a0\u00a0\u00a0\u00a0\u00a0\u00a0\u00a0\u00a0\u00a0 100% penalty[\/vc_column_text][\/vc_column_inner][vc_column_inner width=&#8221;1\/3&#8243;][vc_column_text]<img decoding=\"async\" class=\"aligncenter size-full wp-image-1846\" src=\"https:\/\/web.aimgroupinternational.com\/2024\/sclerosiscongress\/wordpress\/wp-content\/uploads\/galadinner1.jpg\" alt=\"\" width=\"100%\" srcset=\"https:\/\/web.aimgroupinternational.com\/2024\/sclerosiscongress\/wordpress\/wp-content\/uploads\/galadinner1.jpg 800w, https:\/\/web.aimgroupinternational.com\/2024\/sclerosiscongress\/wordpress\/wp-content\/uploads\/galadinner1-300x200.jpg 300w, https:\/\/web.aimgroupinternational.com\/2024\/sclerosiscongress\/wordpress\/wp-content\/uploads\/galadinner1-768x512.jpg 768w\" sizes=\"(max-width: 800px) 100vw, 800px\" \/>[\/vc_column_text][vc_column_text]<img decoding=\"async\" class=\"aligncenter size-full wp-image-1847\" src=\"https:\/\/web.aimgroupinternational.com\/2024\/sclerosiscongress\/wordpress\/wp-content\/uploads\/galadinner2.jpg\" alt=\"\" width=\"100%\" srcset=\"https:\/\/web.aimgroupinternational.com\/2024\/sclerosiscongress\/wordpress\/wp-content\/uploads\/galadinner2.jpg 800w, https:\/\/web.aimgroupinternational.com\/2024\/sclerosiscongress\/wordpress\/wp-content\/uploads\/galadinner2-300x200.jpg 300w, https:\/\/web.aimgroupinternational.com\/2024\/sclerosiscongress\/wordpress\/wp-content\/uploads\/galadinner2-768x512.jpg 768w\" sizes=\"(max-width: 800px) 100vw, 800px\" \/>[\/vc_column_text][vc_column_text]<img decoding=\"async\" class=\"aligncenter size-full wp-image-1848\" src=\"https:\/\/web.aimgroupinternational.com\/2024\/sclerosiscongress\/wordpress\/wp-content\/uploads\/galadinner3.jpg\" alt=\"\" width=\"100%\" srcset=\"https:\/\/web.aimgroupinternational.com\/2024\/sclerosiscongress\/wordpress\/wp-content\/uploads\/galadinner3.jpg 677w, https:\/\/web.aimgroupinternational.com\/2024\/sclerosiscongress\/wordpress\/wp-content\/uploads\/galadinner3-300x236.jpg 300w\" sizes=\"(max-width: 677px) 100vw, 677px\" \/>[\/vc_column_text][\/vc_column_inner][\/vc_row_inner][vc_row_inner gap=&#8221;25&#8243;][vc_column_inner width=&#8221;1\/3&#8243;][\/vc_column_inner][vc_column_inner width=&#8221;1\/3&#8243;][\/vc_column_inner][vc_column_inner width=&#8221;1\/3&#8243;][\/vc_column_inner][\/vc_row_inner][\/vc_column][\/vc_row]<\/p>\n","protected":false},"excerpt":{"rendered":"<p>[vc_row][vc_column][vc_empty_space height=&#8221;80px&#8221;][\/vc_column][\/vc_row][vc_row full_width=&#8221;stretch_row_content_no_spaces&#8221;][vc_column][vc_empty_space height=&#8221;100px&#8221;][vc_row_inner][vc_column_inner][vc_custom_heading source=&#8221;post_title&#8221; font_container=&#8221;tag:h2|font_size:26px|text_align:left&#8221; use_theme_fonts=&#8221;yes&#8221; css_animation=&#8221;zoomIn&#8221;][vc_separator color=&#8221;chino&#8221;][vc_column_text]The congress dinner is sold out[\/vc_column_text][\/vc_column_inner][\/vc_row_inner][vc_row_inner gap=&#8221;25&#8243;][vc_column_inner width=&#8221;1\/2&#8243;][vc_column_text] Congress Dinner Friday, March 15, 2024 Transfer from Holiday Inn (upon reservation) at 20:00 Dinner at 20:30 Total cost per person\u00a0\u00a0\u00a0\u00a0\u00a0\u00a0\u00a0\u00a0\u00a0 Euro 110,00 vat included &nbsp; Restaurant Obecn\u00ed d\u016fm N\u00e1m\u011bst\u00ed Republiky 5 Obecn\u00ed d\u016fm 110 01 Praha 1 visit [&hellip;]<\/p>\n","protected":false},"author":3,"featured_media":0,"parent":0,"menu_order":0,"comment_status":"closed","ping_status":"closed","template":"unlimited-page.php","meta":{"_monsterinsights_skip_tracking":false,"_monsterinsights_sitenote_active":false,"_monsterinsights_sitenote_note":"","_monsterinsights_sitenote_category":0,"footnotes":"","_links_to":"","_links_to_target":""},"class_list":["post-1841","page","type-page","status-publish","hentry"],"_links":{"self":[{"href":"https:\/\/web.aimgroupinternational.com\/2024\/sclerosiscongress\/wp-json\/wp\/v2\/pages\/1841","targetHints":{"allow":["GET"]}}],"collection":[{"href":"https:\/\/web.aimgroupinternational.com\/2024\/sclerosiscongress\/wp-json\/wp\/v2\/pages"}],"about":[{"href":"https:\/\/web.aimgroupinternational.com\/2024\/sclerosiscongress\/wp-json\/wp\/v2\/types\/page"}],"author":[{"embeddable":true,"href":"https:\/\/web.aimgroupinternational.com\/2024\/sclerosiscongress\/wp-json\/wp\/v2\/users\/3"}],"replies":[{"embeddable":true,"href":"https:\/\/web.aimgroupinternational.com\/2024\/sclerosiscongress\/wp-json\/wp\/v2\/comments?post=1841"}],"version-history":[{"count":17,"href":"https:\/\/web.aimgroupinternational.com\/2024\/sclerosiscongress\/wp-json\/wp\/v2\/pages\/1841\/revisions"}],"predecessor-version":[{"id":2106,"href":"https:\/\/web.aimgroupinternational.com\/2024\/sclerosiscongress\/wp-json\/wp\/v2\/pages\/1841\/revisions\/2106"}],"wp:attachment":[{"href":"https:\/\/web.aimgroupinternational.com\/2024\/sclerosiscongress\/wp-json\/wp\/v2\/media?parent=1841"}],"curies":[{"name":"wp","href":"https:\/\/api.w.org\/{rel}","templated":true}]}}